{"id":109,"date":"2015-06-30T07:58:48","date_gmt":"2015-06-30T06:58:48","guid":{"rendered":"http:\/\/www.cavegrandebrosse.com\/wordpress\/?page_id=109"},"modified":"2015-09-08T10:17:15","modified_gmt":"2015-09-08T09:17:15","slug":"ein-ort-wie-gemacht-fur-gruppenanlasse","status":"publish","type":"page","link":"https:\/\/www.cavegrandebrosse.com\/de\/ein-ort-wie-gemacht-fur-gruppenanlasse\/","title":{"rendered":"Ein Ort wie gemacht f\u00fcr Gruppenanl\u00e4sse"},"content":{"rendered":"<p><a href=\"http:\/\/www.cavegrandebrosse.com\/wordpress\/wp-content\/uploads\/2015\/07\/image-LieuGroupes3.jpg\"><img loading=\"lazy\" decoding=\"async\" class=\"alignnone size-full wp-image-490\" src=\"http:\/\/www.cavegrandebrosse.com\/wordpress\/wp-content\/uploads\/2015\/07\/image-LieuGroupes3.jpg\" alt=\"image-LieuGroupes3\" width=\"810\" height=\"220\" srcset=\"https:\/\/www.cavegrandebrosse.com\/de\/wp-content\/uploads\/2015\/07\/image-LieuGroupes3.jpg 810w, https:\/\/www.cavegrandebrosse.com\/de\/wp-content\/uploads\/2015\/07\/image-LieuGroupes3-300x81.jpg 300w\" sizes=\"auto, (max-width: 810px) 100vw, 810px\" \/><\/a><\/p>\n<h1>Ein Ort wie gemacht f\u00fcr Gruppenanl\u00e4sse<\/h1>\n<p><strong>Finden Sie bei der Cave de la Grande Brosse<\/strong> den idealen Ort f\u00fcr Ihre Gruppen und ein vielf\u00e4ltiges und auf Ihre W\u00fcnsche abgestimmtes Angebot.<\/p>\n<p>Die Cave de la Grande Brosse bietet <strong>die F\u00fchrung seiner sich 40 Meter unter der Erde befindenden Galerien an<\/strong>, gefolgt von <strong>einer Weinverkostung<\/strong>, kommentiert durch den Besitzer und Winzer Philippe Oudin.<\/p>\n<p>Ein aussergew\u00f6hnlicher Ort um interessante und <a href=\"http:\/\/www.cavegrandebrosse.com\/de\/die-weine\/\">originelle Weine zu entdecken.<\/a><\/p>\n","protected":false},"excerpt":{"rendered":"<p>Ein Ort wie gemacht f\u00fcr Gruppenanl\u00e4sse Finden Sie bei der Cave de la Grande Brosse den idealen Ort f\u00fcr Ihre Gruppen und ein vielf\u00e4ltiges und auf Ihre W\u00fcnsche abgestimmtes Angebot. <a class=\"more-link\" href=\"https:\/\/www.cavegrandebrosse.com\/de\/ein-ort-wie-gemacht-fur-gruppenanlasse\/\">Continue Reading &rarr;<\/a><\/p>\n","protected":false},"author":1,"featured_media":0,"parent":0,"menu_order":0,"comment_status":"closed","ping_status":"closed","template":"","meta":{"footnotes":""},"class_list":["post-109","page","type-page","status-publish","hentry"],"yoast_head":"<!-- This site is optimized with the Yoast SEO plugin v27.2 - https:\/\/yoast.com\/product\/yoast-seo-wordpress\/ -->\n<title>Ein Ort wie gemacht f\u00fcr Gruppenanl\u00e4sse - Cave de la Grande Brosse - Deutsch<\/title>\n<meta name=\"robots\" content=\"index, follow, max-snippet:-1, max-image-preview:large, max-video-preview:-1\" \/>\n<link rel=\"canonical\" href=\"https:\/\/www.cavegrandebrosse.com\/de\/ein-ort-wie-gemacht-fur-gruppenanlasse\/\" \/>\n<meta property=\"og:locale\" content=\"fr_FR\" \/>\n<meta property=\"og:type\" content=\"article\" \/>\n<meta property=\"og:title\" content=\"Ein Ort wie gemacht f\u00fcr Gruppenanl\u00e4sse - Cave de la Grande Brosse - Deutsch\" \/>\n<meta property=\"og:description\" content=\"Ein Ort wie gemacht f\u00fcr Gruppenanl\u00e4sse Finden Sie bei der Cave de la Grande Brosse den idealen Ort f\u00fcr Ihre Gruppen und ein vielf\u00e4ltiges und auf Ihre W\u00fcnsche abgestimmtes Angebot. Continue Reading &rarr;\" \/>\n<meta property=\"og:url\" content=\"https:\/\/www.cavegrandebrosse.com\/de\/ein-ort-wie-gemacht-fur-gruppenanlasse\/\" \/>\n<meta property=\"og:site_name\" content=\"Cave de la Grande Brosse - Deutsch\" \/>\n<meta property=\"article:modified_time\" content=\"2015-09-08T09:17:15+00:00\" \/>\n<meta property=\"og:image\" content=\"https:\/\/www.cavegrandebrosse.com\/de\/wp-content\/uploads\/2015\/07\/image-LieuGroupes3.jpg\" \/>\n\t<meta property=\"og:image:width\" content=\"810\" \/>\n\t<meta property=\"og:image:height\" content=\"220\" \/>\n\t<meta property=\"og:image:type\" content=\"image\/jpeg\" \/>\n<meta name=\"twitter:card\" content=\"summary_large_image\" \/>\n<script type=\"application\/ld+json\" class=\"yoast-schema-graph\">{\"@context\":\"https:\/\/schema.org\",\"@graph\":[{\"@type\":\"WebPage\",\"@id\":\"https:\/\/www.cavegrandebrosse.com\/de\/ein-ort-wie-gemacht-fur-gruppenanlasse\/\",\"url\":\"https:\/\/www.cavegrandebrosse.com\/de\/ein-ort-wie-gemacht-fur-gruppenanlasse\/\",\"name\":\"Ein Ort wie gemacht f\u00fcr Gruppenanl\u00e4sse - Cave de la Grande Brosse - Deutsch\",\"isPartOf\":{\"@id\":\"https:\/\/www.cavegrandebrosse.com\/de\/#website\"},\"primaryImageOfPage\":{\"@id\":\"https:\/\/www.cavegrandebrosse.com\/de\/ein-ort-wie-gemacht-fur-gruppenanlasse\/#primaryimage\"},\"image\":{\"@id\":\"https:\/\/www.cavegrandebrosse.com\/de\/ein-ort-wie-gemacht-fur-gruppenanlasse\/#primaryimage\"},\"thumbnailUrl\":\"http:\/\/www.cavegrandebrosse.com\/wordpress\/wp-content\/uploads\/2015\/07\/image-LieuGroupes3.jpg\",\"datePublished\":\"2015-06-30T06:58:48+00:00\",\"dateModified\":\"2015-09-08T09:17:15+00:00\",\"breadcrumb\":{\"@id\":\"https:\/\/www.cavegrandebrosse.com\/de\/ein-ort-wie-gemacht-fur-gruppenanlasse\/#breadcrumb\"},\"inLanguage\":\"fr-FR\",\"potentialAction\":[{\"@type\":\"ReadAction\",\"target\":[\"https:\/\/www.cavegrandebrosse.com\/de\/ein-ort-wie-gemacht-fur-gruppenanlasse\/\"]}]},{\"@type\":\"ImageObject\",\"inLanguage\":\"fr-FR\",\"@id\":\"https:\/\/www.cavegrandebrosse.com\/de\/ein-ort-wie-gemacht-fur-gruppenanlasse\/#primaryimage\",\"url\":\"http:\/\/www.cavegrandebrosse.com\/wordpress\/wp-content\/uploads\/2015\/07\/image-LieuGroupes3.jpg\",\"contentUrl\":\"http:\/\/www.cavegrandebrosse.com\/wordpress\/wp-content\/uploads\/2015\/07\/image-LieuGroupes3.jpg\"},{\"@type\":\"BreadcrumbList\",\"@id\":\"https:\/\/www.cavegrandebrosse.com\/de\/ein-ort-wie-gemacht-fur-gruppenanlasse\/#breadcrumb\",\"itemListElement\":[{\"@type\":\"ListItem\",\"position\":1,\"name\":\"Home\",\"item\":\"https:\/\/www.cavegrandebrosse.com\/de\/\"},{\"@type\":\"ListItem\",\"position\":2,\"name\":\"Ein Ort wie gemacht f\u00fcr Gruppenanl\u00e4sse\"}]},{\"@type\":\"WebSite\",\"@id\":\"https:\/\/www.cavegrandebrosse.com\/de\/#website\",\"url\":\"https:\/\/www.cavegrandebrosse.com\/de\/\",\"name\":\"Cave de la Grande Brosse - Deutsch\",\"description\":\"\",\"potentialAction\":[{\"@type\":\"SearchAction\",\"target\":{\"@type\":\"EntryPoint\",\"urlTemplate\":\"https:\/\/www.cavegrandebrosse.com\/de\/?s={search_term_string}\"},\"query-input\":{\"@type\":\"PropertyValueSpecification\",\"valueRequired\":true,\"valueName\":\"search_term_string\"}}],\"inLanguage\":\"fr-FR\"}]}<\/script>\n<!-- \/ Yoast SEO plugin. -->","yoast_head_json":{"title":"Ein Ort wie gemacht f\u00fcr Gruppenanl\u00e4sse - Cave de la Grande Brosse - Deutsch","robots":{"index":"index","follow":"follow","max-snippet":"max-snippet:-1","max-image-preview":"max-image-preview:large","max-video-preview":"max-video-preview:-1"},"canonical":"https:\/\/www.cavegrandebrosse.com\/de\/ein-ort-wie-gemacht-fur-gruppenanlasse\/","og_locale":"fr_FR","og_type":"article","og_title":"Ein Ort wie gemacht f\u00fcr Gruppenanl\u00e4sse - Cave de la Grande Brosse - Deutsch","og_description":"Ein Ort wie gemacht f\u00fcr Gruppenanl\u00e4sse Finden Sie bei der Cave de la Grande Brosse den idealen Ort f\u00fcr Ihre Gruppen und ein vielf\u00e4ltiges und auf Ihre W\u00fcnsche abgestimmtes Angebot. Continue Reading &rarr;","og_url":"https:\/\/www.cavegrandebrosse.com\/de\/ein-ort-wie-gemacht-fur-gruppenanlasse\/","og_site_name":"Cave de la Grande Brosse - Deutsch","article_modified_time":"2015-09-08T09:17:15+00:00","og_image":[{"width":810,"height":220,"url":"https:\/\/www.cavegrandebrosse.com\/de\/wp-content\/uploads\/2015\/07\/image-LieuGroupes3.jpg","type":"image\/jpeg"}],"twitter_card":"summary_large_image","schema":{"@context":"https:\/\/schema.org","@graph":[{"@type":"WebPage","@id":"https:\/\/www.cavegrandebrosse.com\/de\/ein-ort-wie-gemacht-fur-gruppenanlasse\/","url":"https:\/\/www.cavegrandebrosse.com\/de\/ein-ort-wie-gemacht-fur-gruppenanlasse\/","name":"Ein Ort wie gemacht f\u00fcr Gruppenanl\u00e4sse - Cave de la Grande Brosse - Deutsch","isPartOf":{"@id":"https:\/\/www.cavegrandebrosse.com\/de\/#website"},"primaryImageOfPage":{"@id":"https:\/\/www.cavegrandebrosse.com\/de\/ein-ort-wie-gemacht-fur-gruppenanlasse\/#primaryimage"},"image":{"@id":"https:\/\/www.cavegrandebrosse.com\/de\/ein-ort-wie-gemacht-fur-gruppenanlasse\/#primaryimage"},"thumbnailUrl":"http:\/\/www.cavegrandebrosse.com\/wordpress\/wp-content\/uploads\/2015\/07\/image-LieuGroupes3.jpg","datePublished":"2015-06-30T06:58:48+00:00","dateModified":"2015-09-08T09:17:15+00:00","breadcrumb":{"@id":"https:\/\/www.cavegrandebrosse.com\/de\/ein-ort-wie-gemacht-fur-gruppenanlasse\/#breadcrumb"},"inLanguage":"fr-FR","potentialAction":[{"@type":"ReadAction","target":["https:\/\/www.cavegrandebrosse.com\/de\/ein-ort-wie-gemacht-fur-gruppenanlasse\/"]}]},{"@type":"ImageObject","inLanguage":"fr-FR","@id":"https:\/\/www.cavegrandebrosse.com\/de\/ein-ort-wie-gemacht-fur-gruppenanlasse\/#primaryimage","url":"http:\/\/www.cavegrandebrosse.com\/wordpress\/wp-content\/uploads\/2015\/07\/image-LieuGroupes3.jpg","contentUrl":"http:\/\/www.cavegrandebrosse.com\/wordpress\/wp-content\/uploads\/2015\/07\/image-LieuGroupes3.jpg"},{"@type":"BreadcrumbList","@id":"https:\/\/www.cavegrandebrosse.com\/de\/ein-ort-wie-gemacht-fur-gruppenanlasse\/#breadcrumb","itemListElement":[{"@type":"ListItem","position":1,"name":"Home","item":"https:\/\/www.cavegrandebrosse.com\/de\/"},{"@type":"ListItem","position":2,"name":"Ein Ort wie gemacht f\u00fcr Gruppenanl\u00e4sse"}]},{"@type":"WebSite","@id":"https:\/\/www.cavegrandebrosse.com\/de\/#website","url":"https:\/\/www.cavegrandebrosse.com\/de\/","name":"Cave de la Grande Brosse - Deutsch","description":"","potentialAction":[{"@type":"SearchAction","target":{"@type":"EntryPoint","urlTemplate":"https:\/\/www.cavegrandebrosse.com\/de\/?s={search_term_string}"},"query-input":{"@type":"PropertyValueSpecification","valueRequired":true,"valueName":"search_term_string"}}],"inLanguage":"fr-FR"}]}},"_links":{"self":[{"href":"https:\/\/www.cavegrandebrosse.com\/de\/wp-json\/wp\/v2\/pages\/109","targetHints":{"allow":["GET"]}}],"collection":[{"href":"https:\/\/www.cavegrandebrosse.com\/de\/wp-json\/wp\/v2\/pages"}],"about":[{"href":"https:\/\/www.cavegrandebrosse.com\/de\/wp-json\/wp\/v2\/types\/page"}],"author":[{"embeddable":true,"href":"https:\/\/www.cavegrandebrosse.com\/de\/wp-json\/wp\/v2\/users\/1"}],"replies":[{"embeddable":true,"href":"https:\/\/www.cavegrandebrosse.com\/de\/wp-json\/wp\/v2\/comments?post=109"}],"version-history":[{"count":10,"href":"https:\/\/www.cavegrandebrosse.com\/de\/wp-json\/wp\/v2\/pages\/109\/revisions"}],"predecessor-version":[{"id":652,"href":"https:\/\/www.cavegrandebrosse.com\/de\/wp-json\/wp\/v2\/pages\/109\/revisions\/652"}],"wp:attachment":[{"href":"https:\/\/www.cavegrandebrosse.com\/de\/wp-json\/wp\/v2\/media?parent=109"}],"curies":[{"name":"wp","href":"https:\/\/api.w.org\/{rel}","templated":true}]}}