{"id":111,"date":"2015-06-30T07:59:01","date_gmt":"2015-06-30T06:59:01","guid":{"rendered":"http:\/\/www.cavegrandebrosse.com\/wordpress\/?page_id=111"},"modified":"2024-12-02T22:20:45","modified_gmt":"2024-12-02T21:20:45","slug":"ihre-wunsche-abgestimmtes-angebot","status":"publish","type":"page","link":"https:\/\/www.cavegrandebrosse.com\/de\/ihre-wunsche-abgestimmtes-angebot\/","title":{"rendered":"Ein auf Ihre W\u00fcnsche abgestimmtes Angebot"},"content":{"rendered":"<p>[huge_it_slider id=\u00a0\u00bb7&Prime;]<\/p>\n<h1>Ein auf Ihre W\u00fcnsche abgestimmtes Angebot<\/h1>\n<hr \/>\n<h2>Kellerf\u00fchrung und Weinverkostung (Dauer 1,5 Std)<\/h2>\n<h3>Das Angebot beinhaltet :<\/h3>\n<p>&#8211; grosser, geteerter, schattiger und beleuchteter Parkplatz,<br \/>\n&#8211; pers\u00f6nlicher und auf Ihre W\u00fcnsche abgestimmter Empfang,<br \/>\n&#8211; gehbehiderte Personen k\u00f6nnen mit Elektroautos gefahren werden, \u0096<br \/>\n&#8211; Kellerf\u00fchrung, \u0096<br \/>\n&#8211; durch den Besizter kommentierte Weinverkostung\u0096,<br \/>\n&#8211; geheizter Keller mit offenem Feuer und runden Tischen,<br \/>\n&#8211; F\u00fchrung auf Englisch.<\/p>\n<blockquote><p><strong>Ab 10EUR pro Perso<\/strong><br \/>\n<em>(zur Verkostung kann acuh K\u00e4se gereicht werden, Preis auf Anfrage).<br \/>\nBezahlung mit Kreditkarte m\u00f6glich.<\/em><\/p><\/blockquote>\n<hr \/>\n<h2>Kellerf\u00fchrung mit Weinverkostung und Catering (maximale Dauer 6Std)<\/h2>\n<h3>Das Angebot beinhaltet :<\/h3>\n<p>&#8211; grosser, geteerter, schattiger und beleuchteter Parkplatz,<br \/>\n&#8211; pers\u00f6nlicher und auf Ihre W\u00fcnsche abgestimmter Empfang,<br \/>\n&#8211; gehbehiderte Personen k\u00f6nnen mit Elektroautos gefahren werden, \u0096<br \/>\n&#8211; Kellerf\u00fchrung, \u0096<br \/>\n&#8211; durch den Besizter kommentierte Weinverkostung\u0096,<br \/>\n&#8211; geheizter Keller mit offenem Feuer und runden Tischen,<br \/>\n&#8211; F\u00fchrung auf Englisch.<\/p>\n<h3><strong>Menus (Beispiel aus unserem Angebot)<\/strong><\/h3>\n<h4>Mittagessen (ab 40EUR pro Person inklusive Wein)<\/h4>\n<p>&#8211; Ap\u00e9ritif mit verschiedenen Canap\u00e9s und bestrichenen Broten,<br \/>\n&#8211; Schweinsfilet an Knoblauchsauce mit Gem\u00fcse und Kartoffelgratin oder Barschfilet an Sauce Hollandaise mit Reis, \u0096<br \/>\n&#8211; K\u00e4seplatte Tarte mit Saisonfr\u00fcchten oder knusprige Apfeltasche mit Honigsauce und Vanilleeis,<br \/>\n&#8211; Kaffe,<\/p>\n<h4>Abendessen (ab 44EUR pro Person inklusive Wein)<\/h4>\n<p>&#8211; Ap\u00e9ritif mit bestrichenen Broten und warmen Canap\u00e9s,<br \/>\n&#8211; Bauernsalat (ger\u00e4uchertes Entenfilet, Speckw\u00fcrfelchen, Gefl\u00fcgelmagen, Ziegenk\u00e4se) oder Lachs in Bl\u00e4tterteig mit Sauerkleesauce oder Schnecken in Bl\u00e4tterteig,<br \/>\n&#8211; Schweinsfilet an Knoblauchsauce mit Gem\u00fcse und Kartoffelgratin oder Barschfilet an Sauce Hollandaise mit Reis,<br \/>\n&#8211; K\u00e4seplatte mit Salat,<br \/>\n&#8211; Tarte mit Saisonfr\u00fcchten oder knusprige Apfeltasche mit Honigsauce und Vanilleeis,<br \/>\n&#8211; Kaffe.<\/p>\n<blockquote><p><strong>Buchen Sie ihren Besuch, planen Sie Ihren Event,<\/strong><a href=\"http:\/\/www.cavegrandebrosse.com\/de\/kontakt\/\"> nehmen Sie mit uns Kontakt auf !<\/a><\/p><\/blockquote>\n","protected":false},"excerpt":{"rendered":"<p>[huge_it_slider id=\u00a0\u00bb7&Prime;] Ein auf Ihre W\u00fcnsche abgestimmtes Angebot Kellerf\u00fchrung und Weinverkostung (Dauer 1,5 Std) Das Angebot beinhaltet : &#8211; grosser, geteerter, schattiger und beleuchteter Parkplatz, &#8211; pers\u00f6nlicher und auf Ihre <a class=\"more-link\" href=\"https:\/\/www.cavegrandebrosse.com\/de\/ihre-wunsche-abgestimmtes-angebot\/\">Continue Reading &rarr;<\/a><\/p>\n","protected":false},"author":1,"featured_media":0,"parent":0,"menu_order":0,"comment_status":"closed","ping_status":"closed","template":"","meta":{"footnotes":""},"class_list":["post-111","page","type-page","status-publish","hentry"],"yoast_head":"<!-- This site is optimized with the Yoast SEO plugin v27.2 - https:\/\/yoast.com\/product\/yoast-seo-wordpress\/ -->\n<title>Ein auf Ihre W\u00fcnsche abgestimmtes Angebot - Cave de la Grande Brosse - Deutsch<\/title>\n<meta name=\"robots\" content=\"index, follow, max-snippet:-1, max-image-preview:large, max-video-preview:-1\" \/>\n<link rel=\"canonical\" href=\"https:\/\/www.cavegrandebrosse.com\/de\/ihre-wunsche-abgestimmtes-angebot\/\" \/>\n<meta property=\"og:locale\" content=\"fr_FR\" \/>\n<meta property=\"og:type\" content=\"article\" \/>\n<meta property=\"og:title\" content=\"Ein auf Ihre W\u00fcnsche abgestimmtes Angebot - Cave de la Grande Brosse - Deutsch\" \/>\n<meta property=\"og:description\" content=\"[huge_it_slider id=\u00a0\u00bb7&Prime;] Ein auf Ihre W\u00fcnsche abgestimmtes Angebot Kellerf\u00fchrung und Weinverkostung (Dauer 1,5 Std) Das Angebot beinhaltet : &#8211; grosser, geteerter, schattiger und beleuchteter Parkplatz, &#8211; pers\u00f6nlicher und auf Ihre Continue Reading &rarr;\" \/>\n<meta property=\"og:url\" content=\"https:\/\/www.cavegrandebrosse.com\/de\/ihre-wunsche-abgestimmtes-angebot\/\" \/>\n<meta property=\"og:site_name\" content=\"Cave de la Grande Brosse - Deutsch\" \/>\n<meta property=\"article:modified_time\" content=\"2024-12-02T21:20:45+00:00\" \/>\n<meta name=\"twitter:card\" content=\"summary_large_image\" \/>\n<meta name=\"twitter:label1\" content=\"Dur\u00e9e de lecture estim\u00e9e\" \/>\n\t<meta name=\"twitter:data1\" content=\"1 minute\" \/>\n<script type=\"application\/ld+json\" class=\"yoast-schema-graph\">{\"@context\":\"https:\/\/schema.org\",\"@graph\":[{\"@type\":\"WebPage\",\"@id\":\"https:\/\/www.cavegrandebrosse.com\/de\/ihre-wunsche-abgestimmtes-angebot\/\",\"url\":\"https:\/\/www.cavegrandebrosse.com\/de\/ihre-wunsche-abgestimmtes-angebot\/\",\"name\":\"Ein auf Ihre W\u00fcnsche abgestimmtes Angebot - Cave de la Grande Brosse - Deutsch\",\"isPartOf\":{\"@id\":\"https:\/\/www.cavegrandebrosse.com\/de\/#website\"},\"datePublished\":\"2015-06-30T06:59:01+00:00\",\"dateModified\":\"2024-12-02T21:20:45+00:00\",\"breadcrumb\":{\"@id\":\"https:\/\/www.cavegrandebrosse.com\/de\/ihre-wunsche-abgestimmtes-angebot\/#breadcrumb\"},\"inLanguage\":\"fr-FR\",\"potentialAction\":[{\"@type\":\"ReadAction\",\"target\":[\"https:\/\/www.cavegrandebrosse.com\/de\/ihre-wunsche-abgestimmtes-angebot\/\"]}]},{\"@type\":\"BreadcrumbList\",\"@id\":\"https:\/\/www.cavegrandebrosse.com\/de\/ihre-wunsche-abgestimmtes-angebot\/#breadcrumb\",\"itemListElement\":[{\"@type\":\"ListItem\",\"position\":1,\"name\":\"Home\",\"item\":\"https:\/\/www.cavegrandebrosse.com\/de\/\"},{\"@type\":\"ListItem\",\"position\":2,\"name\":\"Ein auf Ihre W\u00fcnsche abgestimmtes Angebot\"}]},{\"@type\":\"WebSite\",\"@id\":\"https:\/\/www.cavegrandebrosse.com\/de\/#website\",\"url\":\"https:\/\/www.cavegrandebrosse.com\/de\/\",\"name\":\"Cave de la Grande Brosse - Deutsch\",\"description\":\"\",\"potentialAction\":[{\"@type\":\"SearchAction\",\"target\":{\"@type\":\"EntryPoint\",\"urlTemplate\":\"https:\/\/www.cavegrandebrosse.com\/de\/?s={search_term_string}\"},\"query-input\":{\"@type\":\"PropertyValueSpecification\",\"valueRequired\":true,\"valueName\":\"search_term_string\"}}],\"inLanguage\":\"fr-FR\"}]}<\/script>\n<!-- \/ Yoast SEO plugin. -->","yoast_head_json":{"title":"Ein auf Ihre W\u00fcnsche abgestimmtes Angebot - Cave de la Grande Brosse - Deutsch","robots":{"index":"index","follow":"follow","max-snippet":"max-snippet:-1","max-image-preview":"max-image-preview:large","max-video-preview":"max-video-preview:-1"},"canonical":"https:\/\/www.cavegrandebrosse.com\/de\/ihre-wunsche-abgestimmtes-angebot\/","og_locale":"fr_FR","og_type":"article","og_title":"Ein auf Ihre W\u00fcnsche abgestimmtes Angebot - Cave de la Grande Brosse - Deutsch","og_description":"[huge_it_slider id=\u00a0\u00bb7&Prime;] Ein auf Ihre W\u00fcnsche abgestimmtes Angebot Kellerf\u00fchrung und Weinverkostung (Dauer 1,5 Std) Das Angebot beinhaltet : &#8211; grosser, geteerter, schattiger und beleuchteter Parkplatz, &#8211; pers\u00f6nlicher und auf Ihre Continue Reading &rarr;","og_url":"https:\/\/www.cavegrandebrosse.com\/de\/ihre-wunsche-abgestimmtes-angebot\/","og_site_name":"Cave de la Grande Brosse - Deutsch","article_modified_time":"2024-12-02T21:20:45+00:00","twitter_card":"summary_large_image","twitter_misc":{"Dur\u00e9e de lecture estim\u00e9e":"1 minute"},"schema":{"@context":"https:\/\/schema.org","@graph":[{"@type":"WebPage","@id":"https:\/\/www.cavegrandebrosse.com\/de\/ihre-wunsche-abgestimmtes-angebot\/","url":"https:\/\/www.cavegrandebrosse.com\/de\/ihre-wunsche-abgestimmtes-angebot\/","name":"Ein auf Ihre W\u00fcnsche abgestimmtes Angebot - Cave de la Grande Brosse - Deutsch","isPartOf":{"@id":"https:\/\/www.cavegrandebrosse.com\/de\/#website"},"datePublished":"2015-06-30T06:59:01+00:00","dateModified":"2024-12-02T21:20:45+00:00","breadcrumb":{"@id":"https:\/\/www.cavegrandebrosse.com\/de\/ihre-wunsche-abgestimmtes-angebot\/#breadcrumb"},"inLanguage":"fr-FR","potentialAction":[{"@type":"ReadAction","target":["https:\/\/www.cavegrandebrosse.com\/de\/ihre-wunsche-abgestimmtes-angebot\/"]}]},{"@type":"BreadcrumbList","@id":"https:\/\/www.cavegrandebrosse.com\/de\/ihre-wunsche-abgestimmtes-angebot\/#breadcrumb","itemListElement":[{"@type":"ListItem","position":1,"name":"Home","item":"https:\/\/www.cavegrandebrosse.com\/de\/"},{"@type":"ListItem","position":2,"name":"Ein auf Ihre W\u00fcnsche abgestimmtes Angebot"}]},{"@type":"WebSite","@id":"https:\/\/www.cavegrandebrosse.com\/de\/#website","url":"https:\/\/www.cavegrandebrosse.com\/de\/","name":"Cave de la Grande Brosse - Deutsch","description":"","potentialAction":[{"@type":"SearchAction","target":{"@type":"EntryPoint","urlTemplate":"https:\/\/www.cavegrandebrosse.com\/de\/?s={search_term_string}"},"query-input":{"@type":"PropertyValueSpecification","valueRequired":true,"valueName":"search_term_string"}}],"inLanguage":"fr-FR"}]}},"_links":{"self":[{"href":"https:\/\/www.cavegrandebrosse.com\/de\/wp-json\/wp\/v2\/pages\/111","targetHints":{"allow":["GET"]}}],"collection":[{"href":"https:\/\/www.cavegrandebrosse.com\/de\/wp-json\/wp\/v2\/pages"}],"about":[{"href":"https:\/\/www.cavegrandebrosse.com\/de\/wp-json\/wp\/v2\/types\/page"}],"author":[{"embeddable":true,"href":"https:\/\/www.cavegrandebrosse.com\/de\/wp-json\/wp\/v2\/users\/1"}],"replies":[{"embeddable":true,"href":"https:\/\/www.cavegrandebrosse.com\/de\/wp-json\/wp\/v2\/comments?post=111"}],"version-history":[{"count":35,"href":"https:\/\/www.cavegrandebrosse.com\/de\/wp-json\/wp\/v2\/pages\/111\/revisions"}],"predecessor-version":[{"id":806,"href":"https:\/\/www.cavegrandebrosse.com\/de\/wp-json\/wp\/v2\/pages\/111\/revisions\/806"}],"wp:attachment":[{"href":"https:\/\/www.cavegrandebrosse.com\/de\/wp-json\/wp\/v2\/media?parent=111"}],"curies":[{"name":"wp","href":"https:\/\/api.w.org\/{rel}","templated":true}]}}