{"id":216,"date":"2015-06-30T14:13:30","date_gmt":"2015-06-30T13:13:30","guid":{"rendered":"http:\/\/www.cavegrandebrosse.com\/wordpress\/?page_id=216"},"modified":"2015-10-15T09:56:56","modified_gmt":"2015-10-15T08:56:56","slug":"ein-aussergewoehnlicher-ort","status":"publish","type":"page","link":"https:\/\/www.cavegrandebrosse.com\/de\/ein-aussergewoehnlicher-ort\/","title":{"rendered":"Ein aussergewoehnlicher Ort"},"content":{"rendered":"<p><img loading=\"lazy\" decoding=\"async\" class=\"alignnone size-full wp-image-577\" src=\"http:\/\/www.cavegrandebrosse.com\/wordpress\/wp-content\/uploads\/2015\/06\/image-LieuHorsTemps3.jpg\" alt=\"image-LieuHorsTemps3\" width=\"810\" height=\"220\" srcset=\"https:\/\/www.cavegrandebrosse.com\/de\/wp-content\/uploads\/2015\/06\/image-LieuHorsTemps3.jpg 810w, https:\/\/www.cavegrandebrosse.com\/de\/wp-content\/uploads\/2015\/06\/image-LieuHorsTemps3-300x81.jpg 300w\" sizes=\"auto, (max-width: 810px) 100vw, 810px\" \/><\/p>\n<h1><span style=\"color: #47732d;\"><strong>Ein aussergewoehnlicher Ort<\/strong><\/span><\/h1>\n<p><strong>Im Herzen des Loiretals und an der Pforte der Sologne,<\/strong> die Cave de la Grande Brosse ist ein ehemaliger Steinbruch der bis zum10. Jahrhundert zur\u00fcckreicht.<br \/>\nDie Steine haben den Fundamentmauern einiger Kirchen der Region sowie dem Bau der prestigereichsten Schl\u00f6sser gedient.<\/p>\n<p>Die Cave de la Grande Brosse <strong>bietet die F\u00fchrung seiner sich 40 Meter unter der Erde befindenden Galerien an<\/strong>, gefolgt von einer Weinverkostung, kommentiert durch den Besitzer und Winzer Philippe Oudin<\/p>\n<p>Ein aussergew\u00f6hnlicher Ort um interessante und originelle Weine <a href=\"http:\/\/www.cavegrandebrosse.com\/de\/die-weine\/\">zu entdecken<\/a><\/p>\n<p>wir empfangen Gruppen von 25 bis 200 Personen ob f\u00fcr einen privaten Event oder f\u00fcr berufliche Anl\u00e4sse mit Weinproben, Cocktails oder Essen in unsrem grossen Saal mit seiner offenen Feuerstelle aus Naturstein.<\/p>\n","protected":false},"excerpt":{"rendered":"<p>Ein aussergewoehnlicher Ort Im Herzen des Loiretals und an der Pforte der Sologne, die Cave de la Grande Brosse ist ein ehemaliger Steinbruch der bis zum10. Jahrhundert zur\u00fcckreicht. Die Steine <a class=\"more-link\" href=\"https:\/\/www.cavegrandebrosse.com\/de\/ein-aussergewoehnlicher-ort\/\">Continue Reading &rarr;<\/a><\/p>\n","protected":false},"author":1,"featured_media":0,"parent":0,"menu_order":0,"comment_status":"closed","ping_status":"closed","template":"","meta":{"footnotes":""},"class_list":["post-216","page","type-page","status-publish","hentry"],"yoast_head":"<!-- This site is optimized with the Yoast SEO plugin v27.2 - https:\/\/yoast.com\/product\/yoast-seo-wordpress\/ -->\n<title>Ein aussergewoehnlicher Ort - Cave de la Grande Brosse - Deutsch<\/title>\n<meta name=\"robots\" content=\"index, follow, max-snippet:-1, max-image-preview:large, max-video-preview:-1\" \/>\n<link rel=\"canonical\" href=\"https:\/\/www.cavegrandebrosse.com\/de\/ein-aussergewoehnlicher-ort\/\" \/>\n<meta property=\"og:locale\" content=\"fr_FR\" \/>\n<meta property=\"og:type\" content=\"article\" \/>\n<meta property=\"og:title\" content=\"Ein aussergewoehnlicher Ort - Cave de la Grande Brosse - Deutsch\" \/>\n<meta property=\"og:description\" content=\"Ein aussergewoehnlicher Ort Im Herzen des Loiretals und an der Pforte der Sologne, die Cave de la Grande Brosse ist ein ehemaliger Steinbruch der bis zum10. Jahrhundert zur\u00fcckreicht. Die Steine Continue Reading &rarr;\" \/>\n<meta property=\"og:url\" content=\"https:\/\/www.cavegrandebrosse.com\/de\/ein-aussergewoehnlicher-ort\/\" \/>\n<meta property=\"og:site_name\" content=\"Cave de la Grande Brosse - Deutsch\" \/>\n<meta property=\"article:modified_time\" content=\"2015-10-15T08:56:56+00:00\" \/>\n<meta property=\"og:image\" content=\"https:\/\/www.cavegrandebrosse.com\/de\/wp-content\/uploads\/2015\/06\/image-LieuHorsTemps3.jpg\" \/>\n\t<meta property=\"og:image:width\" content=\"810\" \/>\n\t<meta property=\"og:image:height\" content=\"220\" \/>\n\t<meta property=\"og:image:type\" content=\"image\/jpeg\" \/>\n<meta name=\"twitter:card\" content=\"summary_large_image\" \/>\n<meta name=\"twitter:label1\" content=\"Dur\u00e9e de lecture estim\u00e9e\" \/>\n\t<meta name=\"twitter:data1\" content=\"1 minute\" \/>\n<script type=\"application\/ld+json\" class=\"yoast-schema-graph\">{\"@context\":\"https:\/\/schema.org\",\"@graph\":[{\"@type\":\"WebPage\",\"@id\":\"https:\/\/www.cavegrandebrosse.com\/de\/ein-aussergewoehnlicher-ort\/\",\"url\":\"https:\/\/www.cavegrandebrosse.com\/de\/ein-aussergewoehnlicher-ort\/\",\"name\":\"Ein aussergewoehnlicher Ort - Cave de la Grande Brosse - Deutsch\",\"isPartOf\":{\"@id\":\"https:\/\/www.cavegrandebrosse.com\/de\/#website\"},\"primaryImageOfPage\":{\"@id\":\"https:\/\/www.cavegrandebrosse.com\/de\/ein-aussergewoehnlicher-ort\/#primaryimage\"},\"image\":{\"@id\":\"https:\/\/www.cavegrandebrosse.com\/de\/ein-aussergewoehnlicher-ort\/#primaryimage\"},\"thumbnailUrl\":\"http:\/\/www.cavegrandebrosse.com\/wordpress\/wp-content\/uploads\/2015\/06\/image-LieuHorsTemps3.jpg\",\"datePublished\":\"2015-06-30T13:13:30+00:00\",\"dateModified\":\"2015-10-15T08:56:56+00:00\",\"breadcrumb\":{\"@id\":\"https:\/\/www.cavegrandebrosse.com\/de\/ein-aussergewoehnlicher-ort\/#breadcrumb\"},\"inLanguage\":\"fr-FR\",\"potentialAction\":[{\"@type\":\"ReadAction\",\"target\":[\"https:\/\/www.cavegrandebrosse.com\/de\/ein-aussergewoehnlicher-ort\/\"]}]},{\"@type\":\"ImageObject\",\"inLanguage\":\"fr-FR\",\"@id\":\"https:\/\/www.cavegrandebrosse.com\/de\/ein-aussergewoehnlicher-ort\/#primaryimage\",\"url\":\"http:\/\/www.cavegrandebrosse.com\/wordpress\/wp-content\/uploads\/2015\/06\/image-LieuHorsTemps3.jpg\",\"contentUrl\":\"http:\/\/www.cavegrandebrosse.com\/wordpress\/wp-content\/uploads\/2015\/06\/image-LieuHorsTemps3.jpg\"},{\"@type\":\"BreadcrumbList\",\"@id\":\"https:\/\/www.cavegrandebrosse.com\/de\/ein-aussergewoehnlicher-ort\/#breadcrumb\",\"itemListElement\":[{\"@type\":\"ListItem\",\"position\":1,\"name\":\"Home\",\"item\":\"https:\/\/www.cavegrandebrosse.com\/de\/\"},{\"@type\":\"ListItem\",\"position\":2,\"name\":\"Ein aussergewoehnlicher Ort\"}]},{\"@type\":\"WebSite\",\"@id\":\"https:\/\/www.cavegrandebrosse.com\/de\/#website\",\"url\":\"https:\/\/www.cavegrandebrosse.com\/de\/\",\"name\":\"Cave de la Grande Brosse - Deutsch\",\"description\":\"\",\"potentialAction\":[{\"@type\":\"SearchAction\",\"target\":{\"@type\":\"EntryPoint\",\"urlTemplate\":\"https:\/\/www.cavegrandebrosse.com\/de\/?s={search_term_string}\"},\"query-input\":{\"@type\":\"PropertyValueSpecification\",\"valueRequired\":true,\"valueName\":\"search_term_string\"}}],\"inLanguage\":\"fr-FR\"}]}<\/script>\n<!-- \/ Yoast SEO plugin. -->","yoast_head_json":{"title":"Ein aussergewoehnlicher Ort - Cave de la Grande Brosse - Deutsch","robots":{"index":"index","follow":"follow","max-snippet":"max-snippet:-1","max-image-preview":"max-image-preview:large","max-video-preview":"max-video-preview:-1"},"canonical":"https:\/\/www.cavegrandebrosse.com\/de\/ein-aussergewoehnlicher-ort\/","og_locale":"fr_FR","og_type":"article","og_title":"Ein aussergewoehnlicher Ort - Cave de la Grande Brosse - Deutsch","og_description":"Ein aussergewoehnlicher Ort Im Herzen des Loiretals und an der Pforte der Sologne, die Cave de la Grande Brosse ist ein ehemaliger Steinbruch der bis zum10. Jahrhundert zur\u00fcckreicht. Die Steine Continue Reading &rarr;","og_url":"https:\/\/www.cavegrandebrosse.com\/de\/ein-aussergewoehnlicher-ort\/","og_site_name":"Cave de la Grande Brosse - Deutsch","article_modified_time":"2015-10-15T08:56:56+00:00","og_image":[{"width":810,"height":220,"url":"https:\/\/www.cavegrandebrosse.com\/de\/wp-content\/uploads\/2015\/06\/image-LieuHorsTemps3.jpg","type":"image\/jpeg"}],"twitter_card":"summary_large_image","twitter_misc":{"Dur\u00e9e de lecture estim\u00e9e":"1 minute"},"schema":{"@context":"https:\/\/schema.org","@graph":[{"@type":"WebPage","@id":"https:\/\/www.cavegrandebrosse.com\/de\/ein-aussergewoehnlicher-ort\/","url":"https:\/\/www.cavegrandebrosse.com\/de\/ein-aussergewoehnlicher-ort\/","name":"Ein aussergewoehnlicher Ort - Cave de la Grande Brosse - Deutsch","isPartOf":{"@id":"https:\/\/www.cavegrandebrosse.com\/de\/#website"},"primaryImageOfPage":{"@id":"https:\/\/www.cavegrandebrosse.com\/de\/ein-aussergewoehnlicher-ort\/#primaryimage"},"image":{"@id":"https:\/\/www.cavegrandebrosse.com\/de\/ein-aussergewoehnlicher-ort\/#primaryimage"},"thumbnailUrl":"http:\/\/www.cavegrandebrosse.com\/wordpress\/wp-content\/uploads\/2015\/06\/image-LieuHorsTemps3.jpg","datePublished":"2015-06-30T13:13:30+00:00","dateModified":"2015-10-15T08:56:56+00:00","breadcrumb":{"@id":"https:\/\/www.cavegrandebrosse.com\/de\/ein-aussergewoehnlicher-ort\/#breadcrumb"},"inLanguage":"fr-FR","potentialAction":[{"@type":"ReadAction","target":["https:\/\/www.cavegrandebrosse.com\/de\/ein-aussergewoehnlicher-ort\/"]}]},{"@type":"ImageObject","inLanguage":"fr-FR","@id":"https:\/\/www.cavegrandebrosse.com\/de\/ein-aussergewoehnlicher-ort\/#primaryimage","url":"http:\/\/www.cavegrandebrosse.com\/wordpress\/wp-content\/uploads\/2015\/06\/image-LieuHorsTemps3.jpg","contentUrl":"http:\/\/www.cavegrandebrosse.com\/wordpress\/wp-content\/uploads\/2015\/06\/image-LieuHorsTemps3.jpg"},{"@type":"BreadcrumbList","@id":"https:\/\/www.cavegrandebrosse.com\/de\/ein-aussergewoehnlicher-ort\/#breadcrumb","itemListElement":[{"@type":"ListItem","position":1,"name":"Home","item":"https:\/\/www.cavegrandebrosse.com\/de\/"},{"@type":"ListItem","position":2,"name":"Ein aussergewoehnlicher Ort"}]},{"@type":"WebSite","@id":"https:\/\/www.cavegrandebrosse.com\/de\/#website","url":"https:\/\/www.cavegrandebrosse.com\/de\/","name":"Cave de la Grande Brosse - Deutsch","description":"","potentialAction":[{"@type":"SearchAction","target":{"@type":"EntryPoint","urlTemplate":"https:\/\/www.cavegrandebrosse.com\/de\/?s={search_term_string}"},"query-input":{"@type":"PropertyValueSpecification","valueRequired":true,"valueName":"search_term_string"}}],"inLanguage":"fr-FR"}]}},"_links":{"self":[{"href":"https:\/\/www.cavegrandebrosse.com\/de\/wp-json\/wp\/v2\/pages\/216","targetHints":{"allow":["GET"]}}],"collection":[{"href":"https:\/\/www.cavegrandebrosse.com\/de\/wp-json\/wp\/v2\/pages"}],"about":[{"href":"https:\/\/www.cavegrandebrosse.com\/de\/wp-json\/wp\/v2\/types\/page"}],"author":[{"embeddable":true,"href":"https:\/\/www.cavegrandebrosse.com\/de\/wp-json\/wp\/v2\/users\/1"}],"replies":[{"embeddable":true,"href":"https:\/\/www.cavegrandebrosse.com\/de\/wp-json\/wp\/v2\/comments?post=216"}],"version-history":[{"count":20,"href":"https:\/\/www.cavegrandebrosse.com\/de\/wp-json\/wp\/v2\/pages\/216\/revisions"}],"predecessor-version":[{"id":680,"href":"https:\/\/www.cavegrandebrosse.com\/de\/wp-json\/wp\/v2\/pages\/216\/revisions\/680"}],"wp:attachment":[{"href":"https:\/\/www.cavegrandebrosse.com\/de\/wp-json\/wp\/v2\/media?parent=216"}],"curies":[{"name":"wp","href":"https:\/\/api.w.org\/{rel}","templated":true}]}}