{"id":25,"date":"2015-06-03T15:43:39","date_gmt":"2015-06-03T14:43:39","guid":{"rendered":"http:\/\/localhost:8888\/?page_id=25"},"modified":"2024-12-22T11:38:00","modified_gmt":"2024-12-22T10:38:00","slug":"les-hautes-brosses","status":"publish","type":"page","link":"https:\/\/www.cavegrandebrosse.com\/en\/rose-wines\/les-hautes-brosses\/","title":{"rendered":"Les Hautes Brosses"},"content":{"rendered":"<h1><span style=\"color: #6b1533;\">Les Hautes Brosses ros\u00e9 2020<\/span><\/h1>\n<p>Made from he Cabernet grape<br \/>\nthis Ros\u00e9 has a beautiful light color<br \/>\nand a fruity bouquet.<br \/>\nIt can be served from the ap\u00e9ritif to the desert.<\/p>\n<p><span style=\"color: #6b1533;\">PRICE:<\/span><br \/>\n<strong><span style=\"color: #6b1533;\"><span class=\"prix\">8 \u20ac<\/span><\/span><\/strong><span style=\"color: #6b1533;\">\u00a0per bottle<br \/>\n(at cellar door, shipment fees on request)<br \/>\n<\/span><\/p>\n<p><em>Sold by pack of 6 bottles,<br \/>\ncan be mixed<br \/>\nwith other type of wines.<\/em><\/p>\n","protected":false},"excerpt":{"rendered":"<p>Les Hautes Brosses ros\u00e9 2020 Made from he Cabernet grape this Ros\u00e9 has a beautiful light color and a fruity bouquet. It can be served from the ap\u00e9ritif to the <a class=\"more-link\" href=\"https:\/\/www.cavegrandebrosse.com\/en\/rose-wines\/les-hautes-brosses\/\">Continue Reading &rarr;<\/a><\/p>\n","protected":false},"author":1,"featured_media":0,"parent":9,"menu_order":0,"comment_status":"closed","ping_status":"closed","template":"page-vrose1.php","meta":{"footnotes":""},"class_list":["post-25","page","type-page","status-publish","hentry"],"yoast_head":"<!-- This site is optimized with the Yoast SEO plugin v27.2 - https:\/\/yoast.com\/product\/yoast-seo-wordpress\/ -->\n<title>Les Hautes Brosses - Cave de la Grande Brosse - English version<\/title>\n<meta name=\"robots\" content=\"index, follow, max-snippet:-1, max-image-preview:large, max-video-preview:-1\" \/>\n<link rel=\"canonical\" href=\"https:\/\/www.cavegrandebrosse.com\/en\/rose-wines\/les-hautes-brosses\/\" \/>\n<meta property=\"og:locale\" content=\"fr_FR\" \/>\n<meta property=\"og:type\" content=\"article\" \/>\n<meta property=\"og:title\" content=\"Les Hautes Brosses - Cave de la Grande Brosse - English version\" \/>\n<meta property=\"og:description\" content=\"Les Hautes Brosses ros\u00e9 2020 Made from he Cabernet grape this Ros\u00e9 has a beautiful light color and a fruity bouquet. It can be served from the ap\u00e9ritif to the Continue Reading &rarr;\" \/>\n<meta property=\"og:url\" content=\"https:\/\/www.cavegrandebrosse.com\/en\/rose-wines\/les-hautes-brosses\/\" \/>\n<meta property=\"og:site_name\" content=\"Cave de la Grande Brosse - English version\" \/>\n<meta property=\"article:modified_time\" content=\"2024-12-22T10:38:00+00:00\" \/>\n<meta name=\"twitter:card\" content=\"summary_large_image\" \/>\n<script type=\"application\/ld+json\" class=\"yoast-schema-graph\">{\"@context\":\"https:\/\/schema.org\",\"@graph\":[{\"@type\":\"WebPage\",\"@id\":\"https:\/\/www.cavegrandebrosse.com\/en\/rose-wines\/les-hautes-brosses\/\",\"url\":\"https:\/\/www.cavegrandebrosse.com\/en\/rose-wines\/les-hautes-brosses\/\",\"name\":\"Les Hautes Brosses - Cave de la Grande Brosse - English version\",\"isPartOf\":{\"@id\":\"https:\/\/www.cavegrandebrosse.com\/en\/#website\"},\"datePublished\":\"2015-06-03T14:43:39+00:00\",\"dateModified\":\"2024-12-22T10:38:00+00:00\",\"breadcrumb\":{\"@id\":\"https:\/\/www.cavegrandebrosse.com\/en\/rose-wines\/les-hautes-brosses\/#breadcrumb\"},\"inLanguage\":\"fr-FR\",\"potentialAction\":[{\"@type\":\"ReadAction\",\"target\":[\"https:\/\/www.cavegrandebrosse.com\/en\/rose-wines\/les-hautes-brosses\/\"]}]},{\"@type\":\"BreadcrumbList\",\"@id\":\"https:\/\/www.cavegrandebrosse.com\/en\/rose-wines\/les-hautes-brosses\/#breadcrumb\",\"itemListElement\":[{\"@type\":\"ListItem\",\"position\":1,\"name\":\"Home\",\"item\":\"https:\/\/www.cavegrandebrosse.com\/en\/\"},{\"@type\":\"ListItem\",\"position\":2,\"name\":\"Ros\u00e9 wines\",\"item\":\"https:\/\/www.cavegrandebrosse.com\/en\/rose-wines\/\"},{\"@type\":\"ListItem\",\"position\":3,\"name\":\"Les Hautes Brosses\"}]},{\"@type\":\"WebSite\",\"@id\":\"https:\/\/www.cavegrandebrosse.com\/en\/#website\",\"url\":\"https:\/\/www.cavegrandebrosse.com\/en\/\",\"name\":\"Cave de la Grande Brosse - English version\",\"description\":\"\",\"potentialAction\":[{\"@type\":\"SearchAction\",\"target\":{\"@type\":\"EntryPoint\",\"urlTemplate\":\"https:\/\/www.cavegrandebrosse.com\/en\/?s={search_term_string}\"},\"query-input\":{\"@type\":\"PropertyValueSpecification\",\"valueRequired\":true,\"valueName\":\"search_term_string\"}}],\"inLanguage\":\"fr-FR\"}]}<\/script>\n<!-- \/ Yoast SEO plugin. -->","yoast_head_json":{"title":"Les Hautes Brosses - Cave de la Grande Brosse - English version","robots":{"index":"index","follow":"follow","max-snippet":"max-snippet:-1","max-image-preview":"max-image-preview:large","max-video-preview":"max-video-preview:-1"},"canonical":"https:\/\/www.cavegrandebrosse.com\/en\/rose-wines\/les-hautes-brosses\/","og_locale":"fr_FR","og_type":"article","og_title":"Les Hautes Brosses - Cave de la Grande Brosse - English version","og_description":"Les Hautes Brosses ros\u00e9 2020 Made from he Cabernet grape this Ros\u00e9 has a beautiful light color and a fruity bouquet. It can be served from the ap\u00e9ritif to the Continue Reading &rarr;","og_url":"https:\/\/www.cavegrandebrosse.com\/en\/rose-wines\/les-hautes-brosses\/","og_site_name":"Cave de la Grande Brosse - English version","article_modified_time":"2024-12-22T10:38:00+00:00","twitter_card":"summary_large_image","schema":{"@context":"https:\/\/schema.org","@graph":[{"@type":"WebPage","@id":"https:\/\/www.cavegrandebrosse.com\/en\/rose-wines\/les-hautes-brosses\/","url":"https:\/\/www.cavegrandebrosse.com\/en\/rose-wines\/les-hautes-brosses\/","name":"Les Hautes Brosses - Cave de la Grande Brosse - English version","isPartOf":{"@id":"https:\/\/www.cavegrandebrosse.com\/en\/#website"},"datePublished":"2015-06-03T14:43:39+00:00","dateModified":"2024-12-22T10:38:00+00:00","breadcrumb":{"@id":"https:\/\/www.cavegrandebrosse.com\/en\/rose-wines\/les-hautes-brosses\/#breadcrumb"},"inLanguage":"fr-FR","potentialAction":[{"@type":"ReadAction","target":["https:\/\/www.cavegrandebrosse.com\/en\/rose-wines\/les-hautes-brosses\/"]}]},{"@type":"BreadcrumbList","@id":"https:\/\/www.cavegrandebrosse.com\/en\/rose-wines\/les-hautes-brosses\/#breadcrumb","itemListElement":[{"@type":"ListItem","position":1,"name":"Home","item":"https:\/\/www.cavegrandebrosse.com\/en\/"},{"@type":"ListItem","position":2,"name":"Ros\u00e9 wines","item":"https:\/\/www.cavegrandebrosse.com\/en\/rose-wines\/"},{"@type":"ListItem","position":3,"name":"Les Hautes Brosses"}]},{"@type":"WebSite","@id":"https:\/\/www.cavegrandebrosse.com\/en\/#website","url":"https:\/\/www.cavegrandebrosse.com\/en\/","name":"Cave de la Grande Brosse - English version","description":"","potentialAction":[{"@type":"SearchAction","target":{"@type":"EntryPoint","urlTemplate":"https:\/\/www.cavegrandebrosse.com\/en\/?s={search_term_string}"},"query-input":{"@type":"PropertyValueSpecification","valueRequired":true,"valueName":"search_term_string"}}],"inLanguage":"fr-FR"}]}},"_links":{"self":[{"href":"https:\/\/www.cavegrandebrosse.com\/en\/wp-json\/wp\/v2\/pages\/25","targetHints":{"allow":["GET"]}}],"collection":[{"href":"https:\/\/www.cavegrandebrosse.com\/en\/wp-json\/wp\/v2\/pages"}],"about":[{"href":"https:\/\/www.cavegrandebrosse.com\/en\/wp-json\/wp\/v2\/types\/page"}],"author":[{"embeddable":true,"href":"https:\/\/www.cavegrandebrosse.com\/en\/wp-json\/wp\/v2\/users\/1"}],"replies":[{"embeddable":true,"href":"https:\/\/www.cavegrandebrosse.com\/en\/wp-json\/wp\/v2\/comments?post=25"}],"version-history":[{"count":21,"href":"https:\/\/www.cavegrandebrosse.com\/en\/wp-json\/wp\/v2\/pages\/25\/revisions"}],"predecessor-version":[{"id":852,"href":"https:\/\/www.cavegrandebrosse.com\/en\/wp-json\/wp\/v2\/pages\/25\/revisions\/852"}],"up":[{"embeddable":true,"href":"https:\/\/www.cavegrandebrosse.com\/en\/wp-json\/wp\/v2\/pages\/9"}],"wp:attachment":[{"href":"https:\/\/www.cavegrandebrosse.com\/en\/wp-json\/wp\/v2\/media?parent=25"}],"curies":[{"name":"wp","href":"https:\/\/api.w.org\/{rel}","templated":true}]}}