{"id":109,"date":"2015-06-30T07:58:48","date_gmt":"2015-06-30T06:58:48","guid":{"rendered":"http:\/\/www.cavegrandebrosse.com\/wordpress\/?page_id=109"},"modified":"2023-04-07T11:13:11","modified_gmt":"2023-04-07T10:13:11","slug":"un-lieu-ideal-pour-les-groupes","status":"publish","type":"page","link":"https:\/\/www.cavegrandebrosse.com\/fr\/un-lieu-ideal-pour-les-groupes\/","title":{"rendered":"Un lieu pens\u00e9 pour les groupes"},"content":{"rendered":"<p><a href=\"https:\/\/www.cavegrandebrosse.com\/wordpress\/wp-content\/uploads\/2015\/07\/image-LieuGroupes3.jpg\"><img loading=\"lazy\" decoding=\"async\" class=\"alignnone size-full wp-image-490\" src=\"https:\/\/www.cavegrandebrosse.com\/wordpress\/wp-content\/uploads\/2015\/07\/image-LieuGroupes3.jpg\" alt=\"image-LieuGroupes3\" width=\"810\" height=\"220\" srcset=\"https:\/\/www.cavegrandebrosse.com\/fr\/wp-content\/uploads\/2015\/07\/image-LieuGroupes3.jpg 810w, https:\/\/www.cavegrandebrosse.com\/fr\/wp-content\/uploads\/2015\/07\/image-LieuGroupes3-300x81.jpg 300w\" sizes=\"auto, (max-width: 810px) 100vw, 810px\" \/><\/a><\/p>\n<h1><\/h1>\n<h1>Un lieu pens\u00e9 pour les groupes<\/h1>\n<p>Avec <strong>La Cave de la Grande Brosse<\/strong> profitez d\u2019un lieu pens\u00e9 pour les groupes et d\u2019une offre vari\u00e9e et sur mesure.<\/p>\n<p>La Cave de la Grande Brosse propose la<strong> visite guid\u00e9e de ses galeries situ\u00e9es \u00e0 40 m\u00e8tres sous terre<\/strong>, suivie d\u2019une <strong>d\u00e9gustation comment\u00e9e des vins<\/strong> du domaine par le propri\u00e9taire-r\u00e9coltant Philippe Oudin.<\/p>\n<p>Une visite insolite pour <a href=\"https:\/\/www.cavegrandebrosse.com\/fr\/les-vins\/\">d\u00e9couvrir un vin<\/a> aussi atypique que chaleureux.<\/p>\n","protected":false},"excerpt":{"rendered":"<p>Un lieu pens\u00e9 pour les groupes Avec La Cave de la Grande Brosse profitez d\u2019un lieu pens\u00e9 pour les groupes et d\u2019une offre vari\u00e9e et sur mesure. La Cave de <a class=\"more-link\" href=\"https:\/\/www.cavegrandebrosse.com\/fr\/un-lieu-ideal-pour-les-groupes\/\">Continue Reading &rarr;<\/a><\/p>\n","protected":false},"author":2,"featured_media":0,"parent":0,"menu_order":0,"comment_status":"closed","ping_status":"closed","template":"","meta":{"footnotes":""},"class_list":["post-109","page","type-page","status-publish","hentry"],"yoast_head":"<!-- This site is optimized with the Yoast SEO plugin v27.3 - https:\/\/yoast.com\/product\/yoast-seo-wordpress\/ -->\n<title>Un lieu pens\u00e9 pour les groupes - Cave de la Grande Brosse<\/title>\n<meta name=\"description\" content=\"Un lieu pens\u00e9 pour les groupes. Avec La Cave de la Grande Brosse profitez d\u2019un lieu pens\u00e9 pour les groupes et d\u2019une offre vari\u00e9e et sur mesure.\" \/>\n<meta name=\"robots\" content=\"index, follow, max-snippet:-1, max-image-preview:large, max-video-preview:-1\" \/>\n<link rel=\"canonical\" href=\"https:\/\/www.cavegrandebrosse.com\/fr\/un-lieu-ideal-pour-les-groupes\/\" \/>\n<meta property=\"og:locale\" content=\"fr_FR\" \/>\n<meta property=\"og:type\" content=\"article\" \/>\n<meta property=\"og:title\" content=\"Un lieu pens\u00e9 pour les groupes - Cave de la Grande Brosse\" \/>\n<meta property=\"og:description\" content=\"Un lieu pens\u00e9 pour les groupes. Avec La Cave de la Grande Brosse profitez d\u2019un lieu pens\u00e9 pour les groupes et d\u2019une offre vari\u00e9e et sur mesure.\" \/>\n<meta property=\"og:url\" content=\"https:\/\/www.cavegrandebrosse.com\/fr\/un-lieu-ideal-pour-les-groupes\/\" \/>\n<meta property=\"og:site_name\" content=\"Cave de la Grande Brosse\" \/>\n<meta property=\"article:modified_time\" content=\"2023-04-07T10:13:11+00:00\" \/>\n<meta property=\"og:image\" content=\"https:\/\/www.cavegrandebrosse.com\/wordpress\/wp-content\/uploads\/2015\/07\/image-LieuGroupes3.jpg\" \/>\n<meta name=\"twitter:card\" content=\"summary_large_image\" \/>\n<meta name=\"twitter:label1\" content=\"Dur\u00e9e de lecture estim\u00e9e\" \/>\n\t<meta name=\"twitter:data1\" content=\"1 minute\" \/>\n<script type=\"application\/ld+json\" class=\"yoast-schema-graph\">{\"@context\":\"https:\\\/\\\/schema.org\",\"@graph\":[{\"@type\":\"WebPage\",\"@id\":\"https:\\\/\\\/www.cavegrandebrosse.com\\\/fr\\\/un-lieu-ideal-pour-les-groupes\\\/\",\"url\":\"https:\\\/\\\/www.cavegrandebrosse.com\\\/fr\\\/un-lieu-ideal-pour-les-groupes\\\/\",\"name\":\"Un lieu pens\u00e9 pour les groupes - Cave de la Grande Brosse\",\"isPartOf\":{\"@id\":\"https:\\\/\\\/www.cavegrandebrosse.com\\\/fr\\\/#website\"},\"primaryImageOfPage\":{\"@id\":\"https:\\\/\\\/www.cavegrandebrosse.com\\\/fr\\\/un-lieu-ideal-pour-les-groupes\\\/#primaryimage\"},\"image\":{\"@id\":\"https:\\\/\\\/www.cavegrandebrosse.com\\\/fr\\\/un-lieu-ideal-pour-les-groupes\\\/#primaryimage\"},\"thumbnailUrl\":\"https:\\\/\\\/www.cavegrandebrosse.com\\\/wordpress\\\/wp-content\\\/uploads\\\/2015\\\/07\\\/image-LieuGroupes3.jpg\",\"datePublished\":\"2015-06-30T06:58:48+00:00\",\"dateModified\":\"2023-04-07T10:13:11+00:00\",\"description\":\"Un lieu pens\u00e9 pour les groupes. Avec La Cave de la Grande Brosse profitez d\u2019un lieu pens\u00e9 pour les groupes et d\u2019une offre vari\u00e9e et sur mesure.\",\"breadcrumb\":{\"@id\":\"https:\\\/\\\/www.cavegrandebrosse.com\\\/fr\\\/un-lieu-ideal-pour-les-groupes\\\/#breadcrumb\"},\"inLanguage\":\"fr-FR\",\"potentialAction\":[{\"@type\":\"ReadAction\",\"target\":[\"https:\\\/\\\/www.cavegrandebrosse.com\\\/fr\\\/un-lieu-ideal-pour-les-groupes\\\/\"]}]},{\"@type\":\"ImageObject\",\"inLanguage\":\"fr-FR\",\"@id\":\"https:\\\/\\\/www.cavegrandebrosse.com\\\/fr\\\/un-lieu-ideal-pour-les-groupes\\\/#primaryimage\",\"url\":\"https:\\\/\\\/www.cavegrandebrosse.com\\\/wordpress\\\/wp-content\\\/uploads\\\/2015\\\/07\\\/image-LieuGroupes3.jpg\",\"contentUrl\":\"https:\\\/\\\/www.cavegrandebrosse.com\\\/wordpress\\\/wp-content\\\/uploads\\\/2015\\\/07\\\/image-LieuGroupes3.jpg\"},{\"@type\":\"BreadcrumbList\",\"@id\":\"https:\\\/\\\/www.cavegrandebrosse.com\\\/fr\\\/un-lieu-ideal-pour-les-groupes\\\/#breadcrumb\",\"itemListElement\":[{\"@type\":\"ListItem\",\"position\":1,\"name\":\"Accueil\",\"item\":\"https:\\\/\\\/www.cavegrandebrosse.com\\\/fr\\\/\"},{\"@type\":\"ListItem\",\"position\":2,\"name\":\"Un lieu pens\u00e9 pour les groupes\"}]},{\"@type\":\"WebSite\",\"@id\":\"https:\\\/\\\/www.cavegrandebrosse.com\\\/fr\\\/#website\",\"url\":\"https:\\\/\\\/www.cavegrandebrosse.com\\\/fr\\\/\",\"name\":\"Cave de la Grande Brosse\",\"description\":\"\",\"potentialAction\":[{\"@type\":\"SearchAction\",\"target\":{\"@type\":\"EntryPoint\",\"urlTemplate\":\"https:\\\/\\\/www.cavegrandebrosse.com\\\/fr\\\/?s={search_term_string}\"},\"query-input\":{\"@type\":\"PropertyValueSpecification\",\"valueRequired\":true,\"valueName\":\"search_term_string\"}}],\"inLanguage\":\"fr-FR\"}]}<\/script>\n<!-- \/ Yoast SEO plugin. -->","yoast_head_json":{"title":"Un lieu pens\u00e9 pour les groupes - Cave de la Grande Brosse","description":"Un lieu pens\u00e9 pour les groupes. Avec La Cave de la Grande Brosse profitez d\u2019un lieu pens\u00e9 pour les groupes et d\u2019une offre vari\u00e9e et sur mesure.","robots":{"index":"index","follow":"follow","max-snippet":"max-snippet:-1","max-image-preview":"max-image-preview:large","max-video-preview":"max-video-preview:-1"},"canonical":"https:\/\/www.cavegrandebrosse.com\/fr\/un-lieu-ideal-pour-les-groupes\/","og_locale":"fr_FR","og_type":"article","og_title":"Un lieu pens\u00e9 pour les groupes - Cave de la Grande Brosse","og_description":"Un lieu pens\u00e9 pour les groupes. Avec La Cave de la Grande Brosse profitez d\u2019un lieu pens\u00e9 pour les groupes et d\u2019une offre vari\u00e9e et sur mesure.","og_url":"https:\/\/www.cavegrandebrosse.com\/fr\/un-lieu-ideal-pour-les-groupes\/","og_site_name":"Cave de la Grande Brosse","article_modified_time":"2023-04-07T10:13:11+00:00","og_image":[{"url":"https:\/\/www.cavegrandebrosse.com\/wordpress\/wp-content\/uploads\/2015\/07\/image-LieuGroupes3.jpg","type":"","width":"","height":""}],"twitter_card":"summary_large_image","twitter_misc":{"Dur\u00e9e de lecture estim\u00e9e":"1 minute"},"schema":{"@context":"https:\/\/schema.org","@graph":[{"@type":"WebPage","@id":"https:\/\/www.cavegrandebrosse.com\/fr\/un-lieu-ideal-pour-les-groupes\/","url":"https:\/\/www.cavegrandebrosse.com\/fr\/un-lieu-ideal-pour-les-groupes\/","name":"Un lieu pens\u00e9 pour les groupes - Cave de la Grande Brosse","isPartOf":{"@id":"https:\/\/www.cavegrandebrosse.com\/fr\/#website"},"primaryImageOfPage":{"@id":"https:\/\/www.cavegrandebrosse.com\/fr\/un-lieu-ideal-pour-les-groupes\/#primaryimage"},"image":{"@id":"https:\/\/www.cavegrandebrosse.com\/fr\/un-lieu-ideal-pour-les-groupes\/#primaryimage"},"thumbnailUrl":"https:\/\/www.cavegrandebrosse.com\/wordpress\/wp-content\/uploads\/2015\/07\/image-LieuGroupes3.jpg","datePublished":"2015-06-30T06:58:48+00:00","dateModified":"2023-04-07T10:13:11+00:00","description":"Un lieu pens\u00e9 pour les groupes. Avec La Cave de la Grande Brosse profitez d\u2019un lieu pens\u00e9 pour les groupes et d\u2019une offre vari\u00e9e et sur mesure.","breadcrumb":{"@id":"https:\/\/www.cavegrandebrosse.com\/fr\/un-lieu-ideal-pour-les-groupes\/#breadcrumb"},"inLanguage":"fr-FR","potentialAction":[{"@type":"ReadAction","target":["https:\/\/www.cavegrandebrosse.com\/fr\/un-lieu-ideal-pour-les-groupes\/"]}]},{"@type":"ImageObject","inLanguage":"fr-FR","@id":"https:\/\/www.cavegrandebrosse.com\/fr\/un-lieu-ideal-pour-les-groupes\/#primaryimage","url":"https:\/\/www.cavegrandebrosse.com\/wordpress\/wp-content\/uploads\/2015\/07\/image-LieuGroupes3.jpg","contentUrl":"https:\/\/www.cavegrandebrosse.com\/wordpress\/wp-content\/uploads\/2015\/07\/image-LieuGroupes3.jpg"},{"@type":"BreadcrumbList","@id":"https:\/\/www.cavegrandebrosse.com\/fr\/un-lieu-ideal-pour-les-groupes\/#breadcrumb","itemListElement":[{"@type":"ListItem","position":1,"name":"Accueil","item":"https:\/\/www.cavegrandebrosse.com\/fr\/"},{"@type":"ListItem","position":2,"name":"Un lieu pens\u00e9 pour les groupes"}]},{"@type":"WebSite","@id":"https:\/\/www.cavegrandebrosse.com\/fr\/#website","url":"https:\/\/www.cavegrandebrosse.com\/fr\/","name":"Cave de la Grande Brosse","description":"","potentialAction":[{"@type":"SearchAction","target":{"@type":"EntryPoint","urlTemplate":"https:\/\/www.cavegrandebrosse.com\/fr\/?s={search_term_string}"},"query-input":{"@type":"PropertyValueSpecification","valueRequired":true,"valueName":"search_term_string"}}],"inLanguage":"fr-FR"}]}},"_links":{"self":[{"href":"https:\/\/www.cavegrandebrosse.com\/fr\/wp-json\/wp\/v2\/pages\/109","targetHints":{"allow":["GET"]}}],"collection":[{"href":"https:\/\/www.cavegrandebrosse.com\/fr\/wp-json\/wp\/v2\/pages"}],"about":[{"href":"https:\/\/www.cavegrandebrosse.com\/fr\/wp-json\/wp\/v2\/types\/page"}],"author":[{"embeddable":true,"href":"https:\/\/www.cavegrandebrosse.com\/fr\/wp-json\/wp\/v2\/users\/2"}],"replies":[{"embeddable":true,"href":"https:\/\/www.cavegrandebrosse.com\/fr\/wp-json\/wp\/v2\/comments?post=109"}],"version-history":[{"count":9,"href":"https:\/\/www.cavegrandebrosse.com\/fr\/wp-json\/wp\/v2\/pages\/109\/revisions"}],"predecessor-version":[{"id":972,"href":"https:\/\/www.cavegrandebrosse.com\/fr\/wp-json\/wp\/v2\/pages\/109\/revisions\/972"}],"wp:attachment":[{"href":"https:\/\/www.cavegrandebrosse.com\/fr\/wp-json\/wp\/v2\/media?parent=109"}],"curies":[{"name":"wp","href":"https:\/\/api.w.org\/{rel}","templated":true}]}}