{"id":19,"date":"2015-06-03T15:43:03","date_gmt":"2015-06-03T14:43:03","guid":{"rendered":"http:\/\/localhost:8888\/?page_id=19"},"modified":"2024-12-02T22:04:27","modified_gmt":"2024-12-02T21:04:27","slug":"emotion","status":"publish","type":"page","link":"https:\/\/www.cavegrandebrosse.com\/fr\/vins-blancs\/emotion\/","title":{"rendered":"\u00c9motion"},"content":{"rendered":"<h1><span style=\"color: #6b1533;\">\u00c9motion 2022<\/span><\/h1>\n<p>Arbois m\u0153lleux, sa saveur sucr\u00e9e domine<br \/>\navec\u00a0des touches vanill\u00e9es ; ap\u00e9ritif, dessert.<\/p>\n<p><span style=\"color: #6b1533;\">TARIF :<\/span><br \/>\n<strong><span style=\"color: #6b1533;\"><span class=\"prix\">8 \u20ac<\/span><\/span><\/strong><span style=\"color: #6b1533;\"> la bouteille<br \/>\n(Prix de d\u00e9part cave &#8211; Hors frais d&rsquo;exp\u00e9dition)<br \/>\n<\/span><\/p>\n<p><em>Vendu par carton de 6 bouteilles,<br \/>\nvous pouvez panacher<br \/>\navec 6 bouteilles de votre choix.<\/em><\/p>\n","protected":false},"excerpt":{"rendered":"<p>\u00c9motion 2022 Arbois m\u0153lleux, sa saveur sucr\u00e9e domine avec\u00a0des touches vanill\u00e9es ; ap\u00e9ritif, dessert. TARIF : 8 \u20ac la bouteille (Prix de d\u00e9part cave &#8211; Hors frais d&rsquo;exp\u00e9dition) Vendu par <a class=\"more-link\" href=\"https:\/\/www.cavegrandebrosse.com\/fr\/vins-blancs\/emotion\/\">Continue Reading &rarr;<\/a><\/p>\n","protected":false},"author":2,"featured_media":0,"parent":7,"menu_order":0,"comment_status":"closed","ping_status":"closed","template":"page-vb3.php","meta":{"footnotes":""},"class_list":["post-19","page","type-page","status-publish","hentry"],"yoast_head":"<!-- This site is optimized with the Yoast SEO plugin v27.3 - https:\/\/yoast.com\/product\/yoast-seo-wordpress\/ -->\n<title>\u00c9motion - Cave de la Grande Brosse<\/title>\n<meta name=\"description\" content=\"\u00c9motion 2013. Arbois moelleux, sa saveur sucr\u00e9e domine avec des touches vanill\u00e9es : pour ap\u00e9ritif ou desserts...\" \/>\n<meta name=\"robots\" content=\"index, follow, max-snippet:-1, max-image-preview:large, max-video-preview:-1\" \/>\n<link rel=\"canonical\" href=\"https:\/\/www.cavegrandebrosse.com\/fr\/vins-blancs\/emotion\/\" \/>\n<meta property=\"og:locale\" content=\"fr_FR\" \/>\n<meta property=\"og:type\" content=\"article\" \/>\n<meta property=\"og:title\" content=\"\u00c9motion - Cave de la Grande Brosse\" \/>\n<meta property=\"og:description\" content=\"\u00c9motion 2013. Arbois moelleux, sa saveur sucr\u00e9e domine avec des touches vanill\u00e9es : pour ap\u00e9ritif ou desserts...\" \/>\n<meta property=\"og:url\" content=\"https:\/\/www.cavegrandebrosse.com\/fr\/vins-blancs\/emotion\/\" \/>\n<meta property=\"og:site_name\" content=\"Cave de la Grande Brosse\" \/>\n<meta property=\"article:modified_time\" content=\"2024-12-02T21:04:27+00:00\" \/>\n<meta name=\"twitter:card\" content=\"summary_large_image\" \/>\n<meta name=\"twitter:label1\" content=\"Dur\u00e9e de lecture estim\u00e9e\" \/>\n\t<meta name=\"twitter:data1\" content=\"1 minute\" \/>\n<script type=\"application\/ld+json\" class=\"yoast-schema-graph\">{\"@context\":\"https:\\\/\\\/schema.org\",\"@graph\":[{\"@type\":\"WebPage\",\"@id\":\"https:\\\/\\\/www.cavegrandebrosse.com\\\/fr\\\/vins-blancs\\\/emotion\\\/\",\"url\":\"https:\\\/\\\/www.cavegrandebrosse.com\\\/fr\\\/vins-blancs\\\/emotion\\\/\",\"name\":\"\u00c9motion - Cave de la Grande Brosse\",\"isPartOf\":{\"@id\":\"https:\\\/\\\/www.cavegrandebrosse.com\\\/fr\\\/#website\"},\"datePublished\":\"2015-06-03T14:43:03+00:00\",\"dateModified\":\"2024-12-02T21:04:27+00:00\",\"description\":\"\u00c9motion 2013. Arbois moelleux, sa saveur sucr\u00e9e domine avec des touches vanill\u00e9es : pour ap\u00e9ritif ou desserts...\",\"breadcrumb\":{\"@id\":\"https:\\\/\\\/www.cavegrandebrosse.com\\\/fr\\\/vins-blancs\\\/emotion\\\/#breadcrumb\"},\"inLanguage\":\"fr-FR\",\"potentialAction\":[{\"@type\":\"ReadAction\",\"target\":[\"https:\\\/\\\/www.cavegrandebrosse.com\\\/fr\\\/vins-blancs\\\/emotion\\\/\"]}]},{\"@type\":\"BreadcrumbList\",\"@id\":\"https:\\\/\\\/www.cavegrandebrosse.com\\\/fr\\\/vins-blancs\\\/emotion\\\/#breadcrumb\",\"itemListElement\":[{\"@type\":\"ListItem\",\"position\":1,\"name\":\"Accueil\",\"item\":\"https:\\\/\\\/www.cavegrandebrosse.com\\\/fr\\\/\"},{\"@type\":\"ListItem\",\"position\":2,\"name\":\"Vins Blancs\",\"item\":\"https:\\\/\\\/www.cavegrandebrosse.com\\\/fr\\\/vins-blancs\\\/\"},{\"@type\":\"ListItem\",\"position\":3,\"name\":\"\u00c9motion\"}]},{\"@type\":\"WebSite\",\"@id\":\"https:\\\/\\\/www.cavegrandebrosse.com\\\/fr\\\/#website\",\"url\":\"https:\\\/\\\/www.cavegrandebrosse.com\\\/fr\\\/\",\"name\":\"Cave de la Grande Brosse\",\"description\":\"\",\"potentialAction\":[{\"@type\":\"SearchAction\",\"target\":{\"@type\":\"EntryPoint\",\"urlTemplate\":\"https:\\\/\\\/www.cavegrandebrosse.com\\\/fr\\\/?s={search_term_string}\"},\"query-input\":{\"@type\":\"PropertyValueSpecification\",\"valueRequired\":true,\"valueName\":\"search_term_string\"}}],\"inLanguage\":\"fr-FR\"}]}<\/script>\n<!-- \/ Yoast SEO plugin. -->","yoast_head_json":{"title":"\u00c9motion - Cave de la Grande Brosse","description":"\u00c9motion 2013. Arbois moelleux, sa saveur sucr\u00e9e domine avec des touches vanill\u00e9es : pour ap\u00e9ritif ou desserts...","robots":{"index":"index","follow":"follow","max-snippet":"max-snippet:-1","max-image-preview":"max-image-preview:large","max-video-preview":"max-video-preview:-1"},"canonical":"https:\/\/www.cavegrandebrosse.com\/fr\/vins-blancs\/emotion\/","og_locale":"fr_FR","og_type":"article","og_title":"\u00c9motion - Cave de la Grande Brosse","og_description":"\u00c9motion 2013. Arbois moelleux, sa saveur sucr\u00e9e domine avec des touches vanill\u00e9es : pour ap\u00e9ritif ou desserts...","og_url":"https:\/\/www.cavegrandebrosse.com\/fr\/vins-blancs\/emotion\/","og_site_name":"Cave de la Grande Brosse","article_modified_time":"2024-12-02T21:04:27+00:00","twitter_card":"summary_large_image","twitter_misc":{"Dur\u00e9e de lecture estim\u00e9e":"1 minute"},"schema":{"@context":"https:\/\/schema.org","@graph":[{"@type":"WebPage","@id":"https:\/\/www.cavegrandebrosse.com\/fr\/vins-blancs\/emotion\/","url":"https:\/\/www.cavegrandebrosse.com\/fr\/vins-blancs\/emotion\/","name":"\u00c9motion - Cave de la Grande Brosse","isPartOf":{"@id":"https:\/\/www.cavegrandebrosse.com\/fr\/#website"},"datePublished":"2015-06-03T14:43:03+00:00","dateModified":"2024-12-02T21:04:27+00:00","description":"\u00c9motion 2013. Arbois moelleux, sa saveur sucr\u00e9e domine avec des touches vanill\u00e9es : pour ap\u00e9ritif ou desserts...","breadcrumb":{"@id":"https:\/\/www.cavegrandebrosse.com\/fr\/vins-blancs\/emotion\/#breadcrumb"},"inLanguage":"fr-FR","potentialAction":[{"@type":"ReadAction","target":["https:\/\/www.cavegrandebrosse.com\/fr\/vins-blancs\/emotion\/"]}]},{"@type":"BreadcrumbList","@id":"https:\/\/www.cavegrandebrosse.com\/fr\/vins-blancs\/emotion\/#breadcrumb","itemListElement":[{"@type":"ListItem","position":1,"name":"Accueil","item":"https:\/\/www.cavegrandebrosse.com\/fr\/"},{"@type":"ListItem","position":2,"name":"Vins Blancs","item":"https:\/\/www.cavegrandebrosse.com\/fr\/vins-blancs\/"},{"@type":"ListItem","position":3,"name":"\u00c9motion"}]},{"@type":"WebSite","@id":"https:\/\/www.cavegrandebrosse.com\/fr\/#website","url":"https:\/\/www.cavegrandebrosse.com\/fr\/","name":"Cave de la Grande Brosse","description":"","potentialAction":[{"@type":"SearchAction","target":{"@type":"EntryPoint","urlTemplate":"https:\/\/www.cavegrandebrosse.com\/fr\/?s={search_term_string}"},"query-input":{"@type":"PropertyValueSpecification","valueRequired":true,"valueName":"search_term_string"}}],"inLanguage":"fr-FR"}]}},"_links":{"self":[{"href":"https:\/\/www.cavegrandebrosse.com\/fr\/wp-json\/wp\/v2\/pages\/19","targetHints":{"allow":["GET"]}}],"collection":[{"href":"https:\/\/www.cavegrandebrosse.com\/fr\/wp-json\/wp\/v2\/pages"}],"about":[{"href":"https:\/\/www.cavegrandebrosse.com\/fr\/wp-json\/wp\/v2\/types\/page"}],"author":[{"embeddable":true,"href":"https:\/\/www.cavegrandebrosse.com\/fr\/wp-json\/wp\/v2\/users\/2"}],"replies":[{"embeddable":true,"href":"https:\/\/www.cavegrandebrosse.com\/fr\/wp-json\/wp\/v2\/comments?post=19"}],"version-history":[{"count":35,"href":"https:\/\/www.cavegrandebrosse.com\/fr\/wp-json\/wp\/v2\/pages\/19\/revisions"}],"predecessor-version":[{"id":1036,"href":"https:\/\/www.cavegrandebrosse.com\/fr\/wp-json\/wp\/v2\/pages\/19\/revisions\/1036"}],"up":[{"embeddable":true,"href":"https:\/\/www.cavegrandebrosse.com\/fr\/wp-json\/wp\/v2\/pages\/7"}],"wp:attachment":[{"href":"https:\/\/www.cavegrandebrosse.com\/fr\/wp-json\/wp\/v2\/media?parent=19"}],"curies":[{"name":"wp","href":"https:\/\/api.w.org\/{rel}","templated":true}]}}